{"id":1341,"date":"2024-02-04T16:42:06","date_gmt":"2024-02-04T15:42:06","guid":{"rendered":"https:\/\/www.asmae-el-bateoui.moncms.fr\/?page_id=1341"},"modified":"2024-02-06T01:08:32","modified_gmt":"2024-02-06T00:08:32","slug":"mentions-legales","status":"publish","type":"page","link":"https:\/\/www.asmae-el-bateoui.moncms.fr\/?page_id=1341","title":{"rendered":"Mentions l\u00e9gales"},"content":{"rendered":"\t\t<div data-elementor-type=\"wp-page\" data-elementor-id=\"1341\" class=\"elementor elementor-1341\">\n\t\t\t\t<div class=\"elementor-element elementor-element-3d796e1d e-flex e-con-boxed e-con e-parent\" data-id=\"3d796e1d\" data-element_type=\"container\" data-settings=\"{&quot;content_width&quot;:&quot;boxed&quot;}\" data-core-v316-plus=\"true\">\n\t\t\t\t\t<div class=\"e-con-inner\">\n\t\t\t\t<div class=\"elementor-element elementor-element-4256f6b elementor-widget elementor-widget-spacer\" data-id=\"4256f6b\" data-element_type=\"widget\" data-widget_type=\"spacer.default\">\n\t\t\t\t<div class=\"elementor-widget-container\">\n\t\t\t<style>\/*! elementor - v3.19.0 - 07-02-2024 *\/\n.elementor-column .elementor-spacer-inner{height:var(--spacer-size)}.e-con{--container-widget-width:100%}.e-con-inner>.elementor-widget-spacer,.e-con>.elementor-widget-spacer{width:var(--container-widget-width,var(--spacer-size));--align-self:var(--container-widget-align-self,initial);--flex-shrink:0}.e-con-inner>.elementor-widget-spacer>.elementor-widget-container,.e-con>.elementor-widget-spacer>.elementor-widget-container{height:100%;width:100%}.e-con-inner>.elementor-widget-spacer>.elementor-widget-container>.elementor-spacer,.e-con>.elementor-widget-spacer>.elementor-widget-container>.elementor-spacer{height:100%}.e-con-inner>.elementor-widget-spacer>.elementor-widget-container>.elementor-spacer>.elementor-spacer-inner,.e-con>.elementor-widget-spacer>.elementor-widget-container>.elementor-spacer>.elementor-spacer-inner{height:var(--container-widget-height,var(--spacer-size))}.e-con-inner>.elementor-widget-spacer.elementor-widget-empty,.e-con>.elementor-widget-spacer.elementor-widget-empty{position:relative;min-height:22px;min-width:22px}.e-con-inner>.elementor-widget-spacer.elementor-widget-empty .elementor-widget-empty-icon,.e-con>.elementor-widget-spacer.elementor-widget-empty .elementor-widget-empty-icon{position:absolute;top:0;bottom:0;left:0;right:0;margin:auto;padding:0;width:22px;height:22px}<\/style>\t\t<div class=\"elementor-spacer\">\n\t\t\t<div class=\"elementor-spacer-inner\"><\/div>\n\t\t<\/div>\n\t\t\t\t<\/div>\n\t\t\t\t<\/div>\n\t\t\t\t<div class=\"elementor-element elementor-element-e7810b1 elementor-invisible elementor-widget elementor-widget-heading\" data-id=\"e7810b1\" data-element_type=\"widget\" data-settings=\"{&quot;_animation&quot;:&quot;fadeIn&quot;}\" data-widget_type=\"heading.default\">\n\t\t\t\t<div class=\"elementor-widget-container\">\n\t\t\t<style>\/*! elementor - v3.19.0 - 07-02-2024 *\/\n.elementor-heading-title{padding:0;margin:0;line-height:1}.elementor-widget-heading .elementor-heading-title[class*=elementor-size-]>a{color:inherit;font-size:inherit;line-height:inherit}.elementor-widget-heading .elementor-heading-title.elementor-size-small{font-size:15px}.elementor-widget-heading .elementor-heading-title.elementor-size-medium{font-size:19px}.elementor-widget-heading .elementor-heading-title.elementor-size-large{font-size:29px}.elementor-widget-heading .elementor-heading-title.elementor-size-xl{font-size:39px}.elementor-widget-heading .elementor-heading-title.elementor-size-xxl{font-size:59px}<\/style><h1 class=\"elementor-heading-title elementor-size-default\">Mentions l\u00e9gales<\/h1>\t\t<\/div>\n\t\t\t\t<\/div>\n\t\t\t\t<div class=\"elementor-element elementor-element-476bb751 elementor-widget elementor-widget-text-editor\" data-id=\"476bb751\" data-element_type=\"widget\" data-widget_type=\"text-editor.default\">\n\t\t\t\t<div class=\"elementor-widget-container\">\n\t\t\t<style>\/*! elementor - v3.19.0 - 07-02-2024 *\/\n.elementor-widget-text-editor.elementor-drop-cap-view-stacked .elementor-drop-cap{background-color:#69727d;color:#fff}.elementor-widget-text-editor.elementor-drop-cap-view-framed .elementor-drop-cap{color:#69727d;border:3px solid;background-color:transparent}.elementor-widget-text-editor:not(.elementor-drop-cap-view-default) .elementor-drop-cap{margin-top:8px}.elementor-widget-text-editor:not(.elementor-drop-cap-view-default) .elementor-drop-cap-letter{width:1em;height:1em}.elementor-widget-text-editor .elementor-drop-cap{float:left;text-align:center;line-height:1;font-size:50px}.elementor-widget-text-editor .elementor-drop-cap-letter{display:inline-block}<\/style>\t\t\t\t<p><!-- wp:paragraph {\"align\":\"left\",\"style\":{\"elements\":{\"link\":{\"color\":{\"text\":\"var:preset|color|white\"}}}},\"textColor\":\"white\"} --><\/p>\n<p class=\"has-text-align-left has-white-color has-text-color has-link-color\">\u00c9diteur: ce site web est le site officiel de l&rsquo;agence de communication CAPCOM Agency<\/p>\n<p><!-- \/wp:paragraph --><\/p>\n<p><!-- wp:paragraph {\"style\":{\"elements\":{\"link\":{\"color\":{\"text\":\"var:preset|color|white\"}}}},\"textColor\":\"white\"} --><\/p>\n<p class=\"has-white-color has-text-color has-link-color\">Adresse: 2 rue du Doyen-Gabriel-Marty, 31000 Toulouse<\/p>\n<p><!-- \/wp:paragraph --><\/p>\n<p><!-- wp:paragraph {\"style\":{\"elements\":{\"link\":{\"color\":{\"text\":\"var:preset|color|ast-global-color-4\"}}}},\"textColor\":\"ast-global-color-4\"} --><\/p>\n<p class=\"has-ast-global-color-4-color has-text-color has-link-color\">Directeur de la publication: Asmae EL-BATEOUI, PDG de l&rsquo;agence.<\/p>\n<p><!-- \/wp:paragraph --><\/p>\n<p><!-- wp:paragraph {\"style\":{\"elements\":{\"link\":{\"color\":{\"text\":\"var:preset|color|ast-global-color-4\"}}}},\"textColor\":\"ast-global-color-4\"} --><\/p>\n<p class=\"has-ast-global-color-4-color has-text-color has-link-color\">Email: asmae.el-bateoui@ut-capitole.fr \/ T\u00e9l\u00e9phone: 06 21 31 54 47<\/p>\n<p><!-- \/wp:paragraph --><\/p>\n<p><!-- wp:paragraph {\"style\":{\"elements\":{\"link\":{\"color\":{\"text\":\"var:preset|color|ast-global-color-4\"}}}},\"textColor\":\"ast-global-color-4\"} --><\/p>\n<p class=\"has-ast-global-color-4-color has-text-color has-link-color\">Responsable de l\u2019\u00e9dition: Asmae EL-BATEOUI<\/p>\n<p><!-- \/wp:paragraph --><\/p>\n<p><!-- wp:paragraph {\"style\":{\"elements\":{\"link\":{\"color\":{\"text\":\"var:preset|color|ast-global-color-4\"}}}},\"textColor\":\"ast-global-color-4\"} --><\/p>\n<p class=\"has-ast-global-color-4-color has-text-color has-link-color\">Charte graphique, conception: Asmae EL-BATEOUI<\/p>\n<p><!-- \/wp:paragraph --><\/p>\n<p><!-- wp:paragraph {\"style\":{\"elements\":{\"link\":{\"color\":{\"text\":\"var:preset|color|ast-global-color-4\"}}}},\"textColor\":\"ast-global-color-4\"} --><\/p>\n<p class=\"has-ast-global-color-4-color has-text-color has-link-color\">Logo CAPCOM:&nbsp;Asmae EL-BATEOUI<\/p>\n<p><!-- \/wp:paragraph --><\/p>\n<p><!-- wp:heading {\"level\":3} --><\/p>\n<p><u>Droits d\u2019auteur<\/u>:&nbsp;<span style=\"color: var(--ast-global-color-4); font-style: inherit; font-weight: inherit;\">Tous les droits qui ne sont pas express\u00e9ment conc\u00e9d\u00e9s, sont r\u00e9serv\u00e9s \u00e0 CAPCOM Agency, laquelle ne fait aucune d\u00e9claration sur le caract\u00e8re appropri\u00e9 \u00e0 un usage particulier des informations contenues dans les documents et dans les \u00e9l\u00e9ments graphiques publi\u00e9s sur ce site, de ce fait, toute garantie est exclue. CAPCOM Agency, via son site officiel, ne sera en aucun cas tenu responsable, quel que soit le fondement de l\u2019action en responsabilit\u00e9 invoqu\u00e9, des dommages et int\u00e9r\u00eats, accessoires ou incidents (ni de tout dommage qui r\u00e9sulte d\u2019un arr\u00eat d\u2019utilisation, d\u2019une perte de donn\u00e9es\u2026) r\u00e9sultant de, ou li\u00e9s \u00e0 l\u2019utilisation ou au fonctionnement des informations disponibles sur ce site.<\/span><\/p>\n<p class=\"has-ast-global-color-4-color has-text-color has-link-color\">Les fichiers pouvant \u00eatre t\u00e9l\u00e9charg\u00e9s sur un ordinateur, le sont \u00e0 un usage strictement personnel et non destin\u00e9s \u00e0 une utilisation commerciale, \u00e0 condition que toutes les informations concernant les droits d\u2019auteur et autres droits d\u2019exclusivit\u00e9 soient respect\u00e9es.<\/p>\n<p><!-- \/wp:paragraph --><\/p>\n<p><!-- wp:heading {\"level\":3} --><\/p>\n<p><u>Cr\u00e9dits<\/u>:&nbsp;<span style=\"color: var(--ast-global-color-4); font-style: inherit; font-weight: inherit;\">Photographies: Freepik, Pexels, Pixabay<\/span><\/p>\n<p><!-- \/wp:paragraph --><\/p>\t\t\t\t\t\t<\/div>\n\t\t\t\t<\/div>\n\t\t\t\t\t<\/div>\n\t\t\t\t<\/div>\n\t\t\t\t<\/div>\n\t\t","protected":false},"excerpt":{"rendered":"<p>Mentions l\u00e9gales \u00c9diteur: ce site web est le site officiel de l&rsquo;agence de communication CAPCOM Agency Adresse: 2 rue du [&hellip;]<\/p>\n","protected":false},"author":1,"featured_media":0,"parent":0,"menu_order":0,"comment_status":"closed","ping_status":"closed","template":"","meta":{"site-sidebar-layout":"no-sidebar","site-content-layout":"","ast-site-content-layout":"full-width-container","site-content-style":"default","site-sidebar-style":"default","ast-global-header-display":"","ast-banner-title-visibility":"","ast-main-header-display":"","ast-hfb-above-header-display":"","ast-hfb-below-header-display":"","ast-hfb-mobile-header-display":"","site-post-title":"","ast-breadcrumbs-content":"","ast-featured-img":"disabled","footer-sml-layout":"","theme-transparent-header-meta":"","adv-header-id-meta":"","stick-header-meta":"","header-above-stick-meta":"","header-main-stick-meta":"","header-below-stick-meta":"","astra-migrate-meta-layouts":"default","ast-page-background-enabled":"default","ast-page-background-meta":{"desktop":{"background-color":"var(--ast-global-color-4)","background-image":"","background-repeat":"repeat","background-position":"center center","background-size":"auto","background-attachment":"scroll","background-type":"","background-media":"","overlay-type":"","overlay-color":"","overlay-gradient":""},"tablet":{"background-color":"","background-image":"","background-repeat":"repeat","background-position":"center center","background-size":"auto","background-attachment":"scroll","background-type":"","background-media":"","overlay-type":"","overlay-color":"","overlay-gradient":""},"mobile":{"background-color":"","background-image":"","background-repeat":"repeat","background-position":"center center","background-size":"auto","background-attachment":"scroll","background-type":"","background-media":"","overlay-type":"","overlay-color":"","overlay-gradient":""}},"ast-content-background-meta":{"desktop":{"background-color":"var(--ast-global-color-5)","background-image":"","background-repeat":"repeat","background-position":"center center","background-size":"auto","background-attachment":"scroll","background-type":"","background-media":"","overlay-type":"","overlay-color":"","overlay-gradient":""},"tablet":{"background-color":"var(--ast-global-color-5)","background-image":"","background-repeat":"repeat","background-position":"center center","background-size":"auto","background-attachment":"scroll","background-type":"","background-media":"","overlay-type":"","overlay-color":"","overlay-gradient":""},"mobile":{"background-color":"var(--ast-global-color-5)","background-image":"","background-repeat":"repeat","background-position":"center center","background-size":"auto","background-attachment":"scroll","background-type":"","background-media":"","overlay-type":"","overlay-color":"","overlay-gradient":""}},"footnotes":""},"class_list":["post-1341","page","type-page","status-publish","hentry"],"_links":{"self":[{"href":"https:\/\/www.asmae-el-bateoui.moncms.fr\/index.php?rest_route=\/wp\/v2\/pages\/1341","targetHints":{"allow":["GET"]}}],"collection":[{"href":"https:\/\/www.asmae-el-bateoui.moncms.fr\/index.php?rest_route=\/wp\/v2\/pages"}],"about":[{"href":"https:\/\/www.asmae-el-bateoui.moncms.fr\/index.php?rest_route=\/wp\/v2\/types\/page"}],"author":[{"embeddable":true,"href":"https:\/\/www.asmae-el-bateoui.moncms.fr\/index.php?rest_route=\/wp\/v2\/users\/1"}],"replies":[{"embeddable":true,"href":"https:\/\/www.asmae-el-bateoui.moncms.fr\/index.php?rest_route=%2Fwp%2Fv2%2Fcomments&post=1341"}],"version-history":[{"count":23,"href":"https:\/\/www.asmae-el-bateoui.moncms.fr\/index.php?rest_route=\/wp\/v2\/pages\/1341\/revisions"}],"predecessor-version":[{"id":1677,"href":"https:\/\/www.asmae-el-bateoui.moncms.fr\/index.php?rest_route=\/wp\/v2\/pages\/1341\/revisions\/1677"}],"wp:attachment":[{"href":"https:\/\/www.asmae-el-bateoui.moncms.fr\/index.php?rest_route=%2Fwp%2Fv2%2Fmedia&parent=1341"}],"curies":[{"name":"wp","href":"https:\/\/api.w.org\/{rel}","templated":true}]}}